{"id":465,"date":"2023-03-13T10:49:40","date_gmt":"2023-03-13T10:49:40","guid":{"rendered":"https:\/\/tecnologia.vamtam.com\/?page_id=465"},"modified":"2024-07-19T13:52:51","modified_gmt":"2024-07-19T13:52:51","slug":"soluciones","status":"publish","type":"page","link":"https:\/\/ltmsoluciones.com\/us\/soluciones\/","title":{"rendered":"Soluciones"},"content":{"rendered":"<div class=\"vgblk-rw-wrapper limit-wrapper\">\n<h1>Servicios y Soluciones<\/h1>\n<p>Lleva tu empresa a un nivel superior invirtiendo en nuestras soluciones tecnol\u00f3gicas confiables y eficientes.<\/p>\n<p>LTM Soluciones es tu socio de confianza para la gesti\u00f3n de TI, seguridad de datos y tecnolog\u00eda en la nube, con un objetivo en mente: transformar la forma en que funciona tu negocio para ahorrarte tiempo y dinero.<\/p>\n<h2>Servicios de TI integrales para empresas<\/h2>\n<p>Cuando decimos integral, realmente lo decimos. LTM Soluciones tiene la experiencia y el conocimiento para brindar una experiencia excelente en todas las \u00e1reas, para una verdadera TI integral.<\/p>\n<p>Algunos MSPs (Proveedores de Servicios Gestionados) tienen dificultades para ofrecer servicios de consultor\u00eda o de redes. Pero tu organizaci\u00f3n necesita la experiencia completa para dejar de preocuparse por la TI. Obt\u00e9n m\u00e1s informaci\u00f3n sobre nuestros servicios a continuaci\u00f3n.<\/p>\n<h2>\n\t\t\t\t\t\tServicios Gestionados\t\t\t\t\t<\/h2>\n<p>\t\t\t\t\t\tLiberamos tus recursos internos para que puedan concentrarse en el negocio, al permitirnos manejar los servicios de soporte diarios, la gesti\u00f3n y el monitoreo de tu TI.<br \/>\n\t\t\t<a role=\"button\"><br \/>\n\t\t\t\t\t\tM\u00e1s Informaci\u00f3n<br \/>\n\t\t\t\t\t<\/a><\/p>\n<h2>\n\t\t\t\t\t\tConsultor\u00eda y Asesor\u00eda en TI\t\t\t\t\t<\/h2>\n<p>\t\t\t\t\t\tLa tecnolog\u00eda adecuada, implementada de manera correcta, gestionada y monitoreada de manera apropiada, puede llevar a ganancias significativas en el crecimiento.<br \/>\n\t\t\t<a role=\"button\"><br \/>\n\t\t\t\t\t\tM\u00e1s Informaci\u00f3n<br \/>\n\t\t\t\t\t<\/a><\/p>\n<h2>\n\t\t\t\t\t\tCiberseguridad\t\t\t\t\t<\/h2>\n<p>\t\t\t\t\t\tNuestros expertos pueden identificar vulnerabilidades, evaluar riesgos y implementar medidas de seguridad s\u00f3lidas para proteger tus sistemas y datos.<br \/>\n\t\t\t<a role=\"button\"><br \/>\n\t\t\t\t\t\tM\u00e1s Informaci\u00f3n<br \/>\n\t\t\t\t\t<\/a><\/p>\n<h2>\n\t\t\t\t\t\tDesarrollo Web\t\t\t\t\t<\/h2>\n<p>\t\t\t\t\t\tNuestros servicios de desarrollo web pueden ayudarte a establecer una presencia en l\u00ednea impactante y llegar eficazmente a tu audiencia objetivo.<br \/>\n\t\t\t<a href=\"https:\/\/ltmsoftware.com\" target=\"_blank\"><br \/>\n\t\t\t\t\t\tM\u00e1s Informaci\u00f3n<br \/>\n\t\t\t\t\t<\/a><\/p>\n<h2>\n\t\t\t\t\t\tDesarrollo Movil\t\t\t\t\t<\/h2>\n<p>\t\t\t\t\t\tPodemos ayudarte a crear una aplicaci\u00f3n m\u00f3vil personalizada que se alinee con tu marca y objetivos, con experiencia en diversas plataformas m\u00f3viles.<br \/>\n\t\t\t<a href=\"https:\/\/ltmsoftware.com\" target=\"_blank\"><br \/>\n\t\t\t\t\t\tM\u00e1s Informaci\u00f3n<br \/>\n\t\t\t\t\t<\/a><\/p>\n<h2>\n\t\t\t\t\t\tAutomatizaci\u00f3n de procesos\t\t\t\t\t<\/h2>\n<p>Ayudamos a tu equipo a detectar y solucionar los cuellos de botella en los procesos internos de tu empresa, implementando nuevas soluciones tecnol\u00f3gicas para mejorar la eficiencia.<br \/>\n\t\t\t<a role=\"button\"><br \/>\n\t\t\t\t\t\tM\u00e1s Informaci\u00f3n<br \/>\n\t\t\t\t\t<\/a><\/p>\n<h2>\n\t\t\t\t\t\teCommerce\t\t\t\t\t<\/h2>\n<p>\t\t\t\t\t\tImpulsamos tu \u00e9xito en eCommerce con soluciones de TI especializadas. Desde sitios web hasta seguridad y optimizaci\u00f3n, maximizamos tus ventas en l\u00ednea.<br \/>\n\t\t\t<a role=\"button\"><br \/>\n\t\t\t\t\t\tM\u00e1s Informaci\u00f3n<br \/>\n\t\t\t\t\t<\/a><\/p>\n<h2>\n\t\t\t\t\t\tDesarrollo de software\t\t\t\t\t<\/h2>\n<p>\t\t\t\t\t\tDesde un CRM personalizado hasta un Sistema de Gesti\u00f3n de Transporte, lo hemos construido todo.<br \/>\n\t\t\t<a href=\"https:\/\/ltmsoftware.com\" target=\"_blank\"><br \/>\n\t\t\t\t\t\tM\u00e1s Informaci\u00f3n<br \/>\n\t\t\t\t\t<\/a><\/p>\n<h2>\n\t\t\t\t\t\tImplementaci\u00f3n de CRM\t\t\t\t\t<\/h2>\n<p>\t\t\t\t\t\tImplementamos CRM l\u00edderes como HubSpot, Bitrix24, Zoho CRM, Kommo y m\u00e1s. Maximiza la eficiencia de tu gesti\u00f3n de clientes con nuestras soluciones de implementaci\u00f3n de CRM a medida.<br \/>\n\t\t\t<a role=\"button\"><br \/>\n\t\t\t\t\t\tM\u00e1s Informaci\u00f3n<br \/>\n\t\t\t\t\t<\/a><br \/>\n\t\t\t\t\t\t\t<svg aria-hidden=\"true\" viewBox=\"0 0 488 512\" xmlns=\"http:\/\/www.w3.org\/2000\/svg\"><path d=\"M488 261.8C488 403.3 391.1 504 248 504 110.8 504 0 393.2 0 256S110.8 8 248 8c66.8 0 123 24.5 166.3 64.9l-67.5 64.9C258.5 52.6 94.3 116.6 94.3 256c0 86.5 69.1 156.6 153.7 156.6 98.2 0 135-70.4 140.8-106.9H248v-85.3h236.1c2.3 12.7 3.9 24.9 3.9 41.4z\"><\/path><\/svg>\t\t\t\t\t\t<\/p>\n<h2>\n\t\t\t\t\t\tGoogle Workspace\t\t\t\t\t<\/h2>\n<p>\t\t\t\t\t\tOptimiza tu flujo de trabajo con Google Workspace. Configuramos y capacitamos a tu equipo para aprovechar al m\u00e1ximo esta potente suite de productividad. Desde la configuraci\u00f3n inicial hasta la colaboraci\u00f3n en tiempo real, te ayudamos a trabajar de manera m\u00e1s eficiente y efectiva en l\u00ednea con Google Workspace.<br \/>\n\t\t\t<a role=\"button\"><br \/>\n\t\t\t\t\t\tM\u00e1s Informaci\u00f3n<br \/>\n\t\t\t\t\t<\/a><br \/>\n\t\t\t\t\t\t\t<svg aria-hidden=\"true\" viewBox=\"0 0 448 512\" xmlns=\"http:\/\/www.w3.org\/2000\/svg\"><path d=\"M0 32h214.6v214.6H0V32zm233.4 0H448v214.6H233.4V32zM0 265.4h214.6V480H0V265.4zm233.4 0H448V480H233.4V265.4z\"><\/path><\/svg>\t\t\t\t\t\t<\/p>\n<h2>\n\t\t\t\t\t\tMicrosoft 365\t\t\t\t\t<\/h2>\n<p>\t\t\t\t\t\tPotenciamos tu productividad con Microsoft 365. Configuramos y capacitamos a tu equipo para utilizar eficazmente las herramientas de colaboraci\u00f3n y productividad de Microsoft. Desde la implementaci\u00f3n inicial hasta la gesti\u00f3n de documentos y la comunicaci\u00f3n en equipo, te ayudamos a aprovechar al m\u00e1ximo Microsoft 365 para impulsar tu negocio.<br \/>\n\t\t\t<a role=\"button\"><br \/>\n\t\t\t\t\t\tM\u00e1s Informaci\u00f3n<br \/>\n\t\t\t\t\t<\/a><\/p>\n<h2>\u00bfPor qu\u00e9 elegir los servicios de LTM Soluciones?<\/h2>\n<p>Los servicios de LTM Soluciones ofrecen a las empresas una ventaja sobre la competencia con una variedad de beneficios. Optar por servicios de TI externalizados mejora la eficiencia del negocio y genera confianza con los clientes. Nuestros servicios pueden adaptarse para satisfacer necesidades espec\u00edficas y alcanzar tus objetivos particulares.<\/p>\n<p>\t\t\t<a role=\"button\"><br \/>\n\t\t\t\t\t\tCont\u00e1ctanos<br \/>\n\t\t\t\t\t<\/a><\/div>\n<p><!-- .vgblk-rw-wrapper --><\/p>\n","protected":false},"excerpt":{"rendered":"<p>Servicios y Soluciones Lleva tu empresa a un nivel superior invirtiendo en nuestras soluciones tecnol\u00f3gicas confiables y eficientes. LTM Soluciones es tu socio de confianza para la gesti\u00f3n de TI, seguridad de datos y tecnolog\u00eda en la nube, con un objetivo en mente: transformar la forma en que funciona tu negocio para ahorrarte tiempo y&#8230;<\/p>\n","protected":false},"author":1,"featured_media":9268,"parent":0,"menu_order":0,"comment_status":"closed","ping_status":"closed","template":"","meta":{"footnotes":""},"class_list":["post-465","page","type-page","status-publish","has-post-thumbnail","hentry"],"_links":{"self":[{"href":"https:\/\/ltmsoluciones.com\/us\/wp-json\/wp\/v2\/pages\/465","targetHints":{"allow":["GET"]}}],"collection":[{"href":"https:\/\/ltmsoluciones.com\/us\/wp-json\/wp\/v2\/pages"}],"about":[{"href":"https:\/\/ltmsoluciones.com\/us\/wp-json\/wp\/v2\/types\/page"}],"author":[{"embeddable":true,"href":"https:\/\/ltmsoluciones.com\/us\/wp-json\/wp\/v2\/users\/1"}],"replies":[{"embeddable":true,"href":"https:\/\/ltmsoluciones.com\/us\/wp-json\/wp\/v2\/comments?post=465"}],"version-history":[{"count":41,"href":"https:\/\/ltmsoluciones.com\/us\/wp-json\/wp\/v2\/pages\/465\/revisions"}],"predecessor-version":[{"id":987987,"href":"https:\/\/ltmsoluciones.com\/us\/wp-json\/wp\/v2\/pages\/465\/revisions\/987987"}],"wp:featuredmedia":[{"embeddable":true,"href":"https:\/\/ltmsoluciones.com\/us\/wp-json\/wp\/v2\/media\/9268"}],"wp:attachment":[{"href":"https:\/\/ltmsoluciones.com\/us\/wp-json\/wp\/v2\/media?parent=465"}],"curies":[{"name":"wp","href":"https:\/\/api.w.org\/{rel}","templated":true}]}}